{"id":200,"date":"2026-03-11T16:42:33","date_gmt":"2026-03-11T16:42:33","guid":{"rendered":"https:\/\/www.allesreparieren.ch\/shop\/?post_type=product&#038;p=200"},"modified":"2026-03-11T16:58:54","modified_gmt":"2026-03-11T16:58:54","slug":"grosser-3d-gedruckter-drache-mit-sockel-aus-abs","status":"publish","type":"product","link":"https:\/\/www.allesreparieren.ch\/shop\/produkt\/grosser-3d-gedruckter-drache-mit-sockel-aus-abs\/","title":{"rendered":"Grosser 3D gedruckter Drache mit Sockel aus ABS"},"content":{"rendered":"<p>Dieser grosse 3D gedruckte Drache mit Sockel ist ein markantes Deko-Objekt f\u00fcr Zuhause, B\u00fcro, Laden oder Werkstatt. Das Modell wurde selbst designt und wird im 3D-Druckverfahren aus robustem ABS gefertigt, wahlweise in Weiss oder Schwarz.<\/p>\n<p class=\"my-2 [&amp;+p]:mt-4 [&amp;_strong:has(+br)]:inline-block [&amp;_strong:has(+br)]:pb-2\">Durch seine aufrechte Haltung, die ausdrucksstarken Fl\u00fcgel und die detailreiche Form wirkt der Drache besonders pr\u00e4sent und eignet sich ideal als Blickfang f\u00fcr Regale, Empfangsbereiche, Schaufenster oder Sammlungen. Der stabile Sockel sorgt f\u00fcr einen sicheren Stand und macht die Figur sofort dekorationsbereit.<span class=\"inline-flex\" aria-label=\"IMG_20260228_123001.jpg\" data-state=\"closed\">\u200b<\/span><\/p>\n<p class=\"my-2 [&amp;+p]:mt-4 [&amp;_strong:has(+br)]:inline-block [&amp;_strong:has(+br)]:pb-2\">ABS ist ein widerstandsf\u00e4higes Material, (wie Lego) das sich gut f\u00fcr gr\u00f6ssere 3D-Druckobjekte eignet. Dadurch erh\u00e4ltst du eine feste, langlebige Drachenfigur mit charaktervoller Oberfl\u00e4che und modernem Herstellungsverfahren.<\/p>\n<p class=\"my-2 [&amp;+p]:mt-4 [&amp;_strong:has(+br)]:inline-block [&amp;_strong:has(+br)]:pb-2\"><span class=\"inline-flex\" aria-label=\"IMG_20260228_123001.jpg\" data-state=\"closed\">Diese Figur kann nat\u00fcrlich auch angemalt werden\u200b.<\/span><\/p>\n<h2 id=\"fr-wen-geeignet\" class=\"font-editorial font-bold mb-2 mt-4 [.has-inline-images_&amp;]:clear-end text-lg first:mt-0 md:text-lg [hr+&amp;]:mt-4\">F\u00fcr wen geeignet<\/h2>\n<ul class=\"marker:text-quiet list-disc\">\n<li class=\"py-0 my-0 prose-p:pt-0 prose-p:mb-2 prose-p:my-0 [&amp;&gt;p]:pt-0 [&amp;&gt;p]:mb-2 [&amp;&gt;p]:my-0\">\n<p class=\"my-2 [&amp;+p]:mt-4 [&amp;_strong:has(+br)]:inline-block [&amp;_strong:has(+br)]:pb-2\">F\u00fcr Fantasy-Fans und Drachenliebhaber.<span class=\"inline-flex\" aria-label=\"IMG_20260228_123001.jpg\" data-state=\"closed\">\u200b<\/span><\/p>\n<\/li>\n<li class=\"py-0 my-0 prose-p:pt-0 prose-p:mb-2 prose-p:my-0 [&amp;&gt;p]:pt-0 [&amp;&gt;p]:mb-2 [&amp;&gt;p]:my-0\">\n<p class=\"my-2 [&amp;+p]:mt-4 [&amp;_strong:has(+br)]:inline-block [&amp;_strong:has(+br)]:pb-2\">F\u00fcr Sammler von 3D-Druck-Figuren und besonderen Deko-Objekten.<span class=\"inline-flex\" aria-label=\"IMG_20260228_123001.jpg\" data-state=\"closed\">\u200b<\/span><\/p>\n<\/li>\n<li class=\"py-0 my-0 prose-p:pt-0 prose-p:mb-2 prose-p:my-0 [&amp;&gt;p]:pt-0 [&amp;&gt;p]:mb-2 [&amp;&gt;p]:my-0\">\n<p class=\"my-2 [&amp;+p]:mt-4 [&amp;_strong:has(+br)]:inline-block [&amp;_strong:has(+br)]:pb-2\">F\u00fcr alle, die ein auff\u00e4lliges Geschenk oder Einzelst\u00fcck suchen.<span class=\"inline-flex\" aria-label=\"IMG_20260228_123001.jpg\" data-state=\"closed\">\u200b<\/span><\/p>\n<\/li>\n<li class=\"py-0 my-0 prose-p:pt-0 prose-p:mb-2 prose-p:my-0 [&amp;&gt;p]:pt-0 [&amp;&gt;p]:mb-2 [&amp;&gt;p]:my-0\">\n<p class=\"my-2 [&amp;+p]:mt-4 [&amp;_strong:has(+br)]:inline-block [&amp;_strong:has(+br)]:pb-2\">F\u00fcr Wohnr\u00e4ume, Ateliers, Shops, B\u00fcros oder Ausstellungen.<\/p>\n<\/li>\n<\/ul>\n","protected":false},"excerpt":{"rendered":"<p>Dieser grosse 3D gedruckte Drache mit Sockel ist ein markantes Deko-Objekt f\u00fcr Zuhause, B\u00fcro, Laden oder Werkstatt. Das Modell wurde selbst designt und wird im 3D-Druckverfahren aus robustem ABS gefertigt, wahlweise in Weiss oder Schwarz. Durch seine aufrechte Haltung, die ausdrucksstarken Fl\u00fcgel und die detailreiche Form wirkt der Drache besonders pr\u00e4sent und eignet sich ideal [&hellip;]<\/p>\n","protected":false},"featured_media":201,"template":"","meta":[],"product_brand":[],"product_cat":[48],"product_tag":[],"class_list":{"0":"post-200","1":"product","2":"type-product","3":"status-publish","4":"has-post-thumbnail","6":"product_cat-3d-druck","7":"product_shipping_class-lieferpauschale","9":"first","10":"instock","11":"shipping-taxable","12":"purchasable","13":"product-type-simple"},"aioseo_notices":[],"_links":{"self":[{"href":"https:\/\/www.allesreparieren.ch\/shop\/wp-json\/wp\/v2\/product\/200","targetHints":{"allow":["GET"]}}],"collection":[{"href":"https:\/\/www.allesreparieren.ch\/shop\/wp-json\/wp\/v2\/product"}],"about":[{"href":"https:\/\/www.allesreparieren.ch\/shop\/wp-json\/wp\/v2\/types\/product"}],"wp:featuredmedia":[{"embeddable":true,"href":"https:\/\/www.allesreparieren.ch\/shop\/wp-json\/wp\/v2\/media\/201"}],"wp:attachment":[{"href":"https:\/\/www.allesreparieren.ch\/shop\/wp-json\/wp\/v2\/media?parent=200"}],"wp:term":[{"taxonomy":"product_brand","embeddable":true,"href":"https:\/\/www.allesreparieren.ch\/shop\/wp-json\/wp\/v2\/product_brand?post=200"},{"taxonomy":"product_cat","embeddable":true,"href":"https:\/\/www.allesreparieren.ch\/shop\/wp-json\/wp\/v2\/product_cat?post=200"},{"taxonomy":"product_tag","embeddable":true,"href":"https:\/\/www.allesreparieren.ch\/shop\/wp-json\/wp\/v2\/product_tag?post=200"}],"curies":[{"name":"wp","href":"https:\/\/api.w.org\/{rel}","templated":true}]}}